{"id":543,"date":"2022-04-18T09:57:07","date_gmt":"2022-04-18T06:57:07","guid":{"rendered":"https:\/\/meandmil.com\/?page_id=543"},"modified":"2023-03-29T15:51:21","modified_gmt":"2023-03-29T12:51:21","slug":"1-gioi-thieu","status":"publish","type":"page","link":"https:\/\/meandmil.com\/vi\/1-gioi-thieu\/","title":{"rendered":"\u0110I\u1ec0U KHO\u1ea2N D\u1ecaCH V\u1ee4"},"content":{"rendered":"\n<p><strong>1.  GI\u1edaI THI\u1ec6U<\/strong><\/p>\n\n\n\n<p>Th\u00f4ng qua trang web n\u00e0y, b\u1ea1n c\u00f3 th\u1ec3 h\u1ecfi v\u1ec1 c\u00e1c d\u1ecbch v\u1ee5 do meanmil.com cung c\u1ea5p. C\u00e1c \u0110i\u1ec1u Kho\u1ea3n v\u00e0 \u0110i\u1ec1u Ki\u1ec7n Chung n\u00e0y chi ph\u1ed1i trang web v\u00e0 vi\u1ec7c mua d\u1ecbch v\u1ee5 (sau \u0111\u00e2y g\u1ecdi l\u00e0 \u201c\u0110i\u1ec1u Kho\u1ea3n v\u00e0 \u0110i\u1ec1u Ki\u1ec7n\u201d ho\u1eb7c \u201c\u0110i\u1ec1u Kho\u1ea3n S\u1eed D\u1ee5ng\u201d) x\u00e1c \u0111\u1ecbnh c\u00e1c \u0111i\u1ec1u kho\u1ea3n v\u00e0 \u0111i\u1ec1u ki\u1ec7n duy\u1ec7t web c\u1ee7a b\u1ea1n c\u0169ng nh\u01b0 vi\u1ec7c s\u1eed d\u1ee5ng trang web.<\/p>\n\n\n\n<p>Ch\u00fang t\u00f4i \u0111\u00e3 \u0111\u1ed3ng \u00fd r\u00f5 r\u00e0ng r\u1eb1ng vi\u1ec7c meandmil.com l\u01b0u gi\u1eef trang web n\u00e0y kh\u00f4ng ph\u1ea3i l\u00e0 m\u1ed9t l\u1eddi \u0111\u1ec1 xu\u1ea5t cho vi\u1ec7c k\u00fd k\u1ebft h\u1ee3p \u0111\u1ed3ng mua b\u00e1n v\u1edbi m\u1ed7i NG\u01af\u1edcI D\u00d9NG. Trong su\u1ed1t qu\u00e1 tr\u00ecnh d\u00f9ng trang web n\u00e0y, b\u1ea1n th\u1eeba nh\u1eadn r\u1eb1ng n\u00f3 \u0111\u01b0\u1ee3c \u0111i\u1ec1u ch\u1ec9nh b\u1edfi c\u00e1c \u0111i\u1ec1u kho\u1ea3n c\u1ee5 th\u1ec3, v\u00ec ch\u00fang ph\u00e1t sinh theo c\u00e1c \u0111i\u1ec1u kho\u1ea3n v\u00e0 \u0111i\u1ec1u ki\u1ec7n hi\u1ec7n th\u1eddi c\u0169ng nh\u01b0 theo lu\u1eadt hi\u1ec7n h\u00e0nh. Trong tr\u01b0\u1eddng h\u1ee3p b\u1ea1n kh\u00f4ng \u0111\u1ed3ng \u00fd v\u1edbi b\u1ea5t k\u1ef3 \u0110i\u1ec1u Kho\u1ea3n n\u00e0o trong s\u1ed1 n\u00e0y, b\u1ea1n kh\u00f4ng n\u00ean th\u1ef1c hi\u1ec7n b\u1ea5t k\u1ef3 h\u00e0nh \u0111\u1ed9ng n\u00e0o t\u1ea1i Trang web c\u1ee7a m\u00ecnh, k\u1ec3 c\u1ea3 vi\u1ec7c duy\u1ec7t \u0111\u01a1n gi\u1ea3n c\u1ee7a b\u1ea1n. Tuy nhi\u00ean, b\u1ea5t k\u1ef3 h\u00e0nh \u0111\u1ed9ng n\u00e0o, ch\u1eb3ng h\u1ea1n nh\u01b0 duy\u1ec7t web c\u1ee7a b\u1ea1n, s\u1ebd \u0111\u01b0\u1ee3c coi l\u00e0 s\u1ef1 ch\u1ea5p nh\u1eadn v\u00f4 \u0111i\u1ec1u ki\u1ec7n \u0111\u1ed1i v\u1edbi c\u00e1c \u0110i\u1ec1u Kho\u1ea3n v\u00e0 \u0110i\u1ec1u Ki\u1ec7n n\u00e0y.<\/p>\n\n\n\n<p>Vi\u1ec7c s\u1eed d\u1ee5ng trang web n\u00e0y ho\u00e0n to\u00e0n l\u00e0 tr\u00e1ch nhi\u1ec7m c\u1ee7a b\u1ea1n.<\/p>\n\n\n\n<p>\u0110\u1ed1i v\u1edbi c\u00e1c m\u1ee5c \u0111\u00edch \u1edf \u0111\u00e2y, b\u1ea1n \u0111\u01b0\u1ee3c g\u1ecdi l\u00e0 NG\u01af\u1edcI D\u00d9NG (th\u00e0nh vi\u00ean ho\u1eb7c kh\u00f4ng ph\u1ea3i c\u1ee7a trang web n\u00e0y).<\/p>\n\n\n\n<p><strong>2. C\u00c1CH S\u1eec D\u1ee4NG TRANG WEB<\/strong><\/p>\n\n\n\n<p>Tr\u01b0\u1edbc khi truy c\u1eadp trang web, NG\u01af\u1edcI D\u00d9NG ph\u1ea3i \u0111\u1ecdc v\u00e0 tu\u00e2n th\u1ee7 c\u00e1c \u0111i\u1ec1u kho\u1ea3n v\u00e0 \u0111i\u1ec1u ki\u1ec7n r\u00e0ng bu\u1ed9c n\u00e0y \u0111i\u1ec1u ch\u1ec9nh vi\u1ec7c s\u1eed d\u1ee5ng trang web \u0111\u00f3 v\u00e0 Tr\u01b0\u1edbc khi truy c\u1eadp trang web, NG\u01af\u1edcI D\u00d9NG ph\u1ea3i \u0111\u1ecdc v\u00e0 tu\u00e2n th\u1ee7 c\u00e1c \u0111i\u1ec1u kho\u1ea3n v\u00e0 \u0111i\u1ec1u ki\u1ec7n r\u00e0ng bu\u1ed9c qu\u1ea3n l\u00fd vi\u1ec7c s\u1eed d\u1ee5ng trang web v\u00e0 ch\u1ea5p nh\u1eadn ch\u00fang v\u00f4 \u0111i\u1ec1u ki\u1ec7n, nh\u01b0 \u0111\u00e3 n\u00eau r\u00f5 theo trang web c\u1ee7a m\u00ecnh. Ch\u00fang t\u00f4i \u0111\u1ed3ng \u00fd r\u00f5 r\u00e0ng r\u1eb1ng meandmil.com kh\u00f4ng ch\u1ecbu tr\u00e1ch nhi\u1ec7m \u0111\u1ed1i v\u1edbi b\u1ea5t k\u1ef3 thi\u1ec7t h\u1ea1i ho\u1eb7c m\u1ea5t m\u00e1t n\u00e0o g\u00e2y ra cho NG\u01af\u1edcI D\u00d9NG ho\u1eb7c b\u1ea5t k\u1ef3 b\u00ean th\u1ee9 ba n\u00e0o do h\u1ecd tu\u00e2n th\u1ee7 kh\u00f4ng \u0111\u00fang c\u00e1c \u0111i\u1ec1u kho\u1ea3n v\u00e0 \u0111i\u1ec1u ki\u1ec7n c\u1ee7a trang web.<\/p>\n\n\n\n<p><strong>3. SI\u00caU LI\u00caN K\u1ebeT &#8211; LI\u00caN K\u1ebeT<\/strong><\/p>\n\n\n\n<p>Trang web n\u00e0y c\u00f3 th\u1ec3 ch\u1ee9a c\u00e1c si\u00eau li\u00ean k\u1ebft ho\u1eb7c li\u00ean k\u1ebft \u0111\u1ebfn c\u00e1c trang web kh\u00f4ng thu\u1ed9c trang web c\u1ee7a m\u00ecnh. Trang meandmil.com tuy\u00ean b\u1ed1 r\u00f5 r\u00e0ng r\u1eb1ng kh\u00f4ng ch\u1ecbu tr\u00e1ch nhi\u1ec7m v\u1ec1 n\u1ed9i dung c\u1ee7a c\u00e1c trang web \u0111\u00f3, \u0111\u01b0\u1ee3c \u0111i\u1ec1u ch\u1ec9nh b\u1edfi c\u00e1c \u0111i\u1ec1u kho\u1ea3n s\u1eed d\u1ee5ng c\u1ee7a ch\u00ednh h\u1ecd, m\u00e0 NG\u01af\u1edcI D\u00d9NG n\u00ean \u0111\u1ecdc k\u1ef9 tr\u01b0\u1edbc khi truy c\u1eadp v\u00e0o b\u1ea5t k\u1ef3 trang web n\u00e0o.<\/p>\n\n\n\n<p><strong>4. QUY\u1ec0N THAY \u0110\u1ed4I N\u1ed8I DUNG \u0110I\u1ec0U KHO\u1ea2N<\/strong><\/p>\n\n\n\n<p>Meandmil.com c\u00f3 \u200b\u200bquy\u1ec1n s\u1eeda \u0111\u1ed5i c\u00e1c n\u1ed9i dung kh\u00e1c nhau c\u1ee7a c\u00e1c \u0111i\u1ec1u kho\u1ea3n n\u00e0y, lu\u00f4n n\u1eb1m trong khu\u00f4n kh\u1ed5 h\u1ee3p ph\u00e1p v\u00e0 NG\u01af\u1edcI D\u00d9NG c\u00f4ng nh\u1eadn quy\u1ec1n n\u00e0y \u0111\u1ed1i v\u1edbi Meandmil.com.<\/p>\n\n\n\n<p>Meandmil.com c\u00f3 \u200b\u200bquy\u1ec1n s\u1eeda \u0111\u1ed5i th\u00eam v\u00e0 \/ ho\u1eb7c b\u00e3i b\u1ecf t\u1ea5t c\u1ea3 ho\u1eb7c m\u1ed9t ph\u1ea7n n\u1ed9i dung c\u1ee7a trang web (ch\u1eb3ng h\u1ea1n nh\u01b0 v\u0103n b\u1ea3n, h\u00ecnh \u1ea3nh, m\u00f4 t\u1ea3 s\u1ea3n ph\u1ea9m, v.v.) m\u00e0 kh\u00f4ng c\u1ea7n c\u1ea3nh b\u00e1o, c\u0169ng nh\u01b0 h\u1ea1n ch\u1ebf quy\u1ec1n truy c\u1eadp v\u00e0o to\u00e0n b\u1ed9 trang web ho\u1eb7c m\u1ed9t ph\u1ea7n c\u1ee7a n\u00f3. Vi\u1ec7c s\u1eed d\u1ee5ng trang web n\u00e0y sau khi s\u1eeda \u0111\u1ed5i \u0111\u01b0\u1ee3c \u0111\u1ec1 c\u1eadp \u1edf tr\u00ean, \u0111\u01b0\u1ee3c coi l\u00e0 ch\u1ea5p nh\u1eadn c\u00e1c \u0110i\u1ec1u Kho\u1ea3n v\u00e0 \u0110i\u1ec1u Ki\u1ec7n \u0111\u00e3 s\u1eeda \u0111\u1ed5i.<\/p>\n\n\n\n<p><strong>5. LO\u1ea0I TR\u1eea TR\u00c1CH NHI\u1ec6M<\/strong><\/p>\n\n\n\n<p>Meandmil.com kh\u00f4ng ch\u1ecbu tr\u00e1ch nhi\u1ec7m \u0111\u1ed1i v\u1edbi NG\u01af\u1edcI D\u00d9NG, n\u1ebfu v\u00ec b\u1ea5t k\u1ef3 l\u00fd do g\u00ec m\u00e0 trang web kh\u00f4ng kh\u1ea3 d\u1ee5ng t\u1ea1i m\u1ed9t th\u1eddi \u0111i\u1ec3m nh\u1ea5t \u0111\u1ecbnh ho\u1eb7c trong b\u1ea5t k\u1ef3 kho\u1ea3ng th\u1eddi gian n\u00e0o. Trang web c\u00f3 th\u1ec3 hi\u1ec3n th\u1ecb c\u00e1c l\u1ed7i k\u1ef9 thu\u1eadt m\u00e0 c\u00f3 th\u1ec3 \u1ea3nh h\u01b0\u1edfng ngay l\u1eadp t\u1ee9c \u0111\u1ebfn vi\u1ec7c tr\u00ecnh b\u00e0y n\u1ed9i dung c\u1ee7a c\u00e1c \u0111\u1ed1i t\u01b0\u1ee3ng trang web (bao g\u1ed3m nh\u01b0ng kh\u00f4ng gi\u1edbi h\u1ea1n \u1edf \u1ea3nh ch\u1ee5p, gi\u00e1 c\u1ea3, v\u0103n b\u1ea3n, v.v.) \u0111\u1ed1i v\u1edbi nh\u1eefng l\u00fd do h\u1ecd kh\u00f4ng c\u00f3 tr\u00e1ch nhi\u1ec7m v\u00e0 nh\u1eefng l\u1eddi h\u1ee9a nh\u1eb1m c\u1ed1 g\u1eafng gi\u1ea3i quy\u1ebft nhanh h\u01a1n.<\/p>\n\n\n\n<p><strong>6. QUY\u1ec0N S\u1ee0 H\u1eeeU TR\u00cd TU\u1ec6<\/strong><\/p>\n\n\n\n<p>T\u1ea5t c\u1ea3 n\u1ed9i dung, bi\u1ec3u t\u01b0\u1ee3ng v\u00e0 ph\u1ea7n m\u1ec1m c\u1ee7a trang web n\u00e0y \u0111\u01b0\u1ee3c coi l\u00e0 t\u00e0i s\u1ea3n tr\u00ed tu\u1ec7 v\u00e0\/ho\u1eb7c c\u00f4ng nghi\u1ec7p c\u1ee7a meandmil.com ho\u1eb7c b\u1ea5t k\u1ef3 b\u00ean th\u1ee9 ba n\u00e0o k\u00fd h\u1ee3p \u0111\u1ed3ng v\u1edbi meandmil.com. Do \u0111\u00f3, n\u1ed9i dung c\u1ee7a trang n\u00e0y ch\u1ec9 d\u00e0nh cho NG\u01af\u1edcI D\u00d9NG \u0111\u1ec3 s\u1eed d\u1ee5ng cho m\u1ee5c \u0111\u00edch c\u00e1 nh\u00e2n v\u00e0 kh\u00f4ng \u00e1p d\u1ee5ng cho m\u1ee5c \u0111\u00edch c\u00f4ng c\u1ed9ng ho\u1eb7c th\u01b0\u01a1ng m\u1ea1i. Meandmil.com tuy\u00ean b\u1ed1 r\u00f5 r\u00e0ng r\u1eb1ng NG\u01af\u1edcI D\u00d9NG c\u00f3 th\u1ec3 l\u01b0u tr\u1eef, in v\u00e0 hi\u1ec3n th\u1ecb n\u1ed9i dung \u0111\u01b0\u1ee3c cung c\u1ea5p b\u1edfi trang web n\u00e0y ch\u1ec9 cho m\u1ee5c \u0111\u00edch s\u1eed d\u1ee5ng c\u00e1 nh\u00e2n. NG\u01af\u1edcI D\u00d9NG kh\u00f4ng \u0111\u01b0\u1ee3c ph\u00e9p xu\u1ea5t b\u1ea3n, thao t\u00fang, ph\u00e2n ph\u1ed1i ho\u1eb7c nh\u00e2n b\u1ea3n, d\u01b0\u1edbi b\u1ea5t k\u1ef3 h\u00ecnh th\u1ee9c n\u00e0o, b\u1ea5t c\u1ee9 \u0111i\u1ec1u g\u00ec \u0111\u01b0\u1ee3c hi\u1ec3n th\u1ecb tr\u00ean trang web n\u00e0y. Ngo\u00e0i ra, NG\u01af\u1edcI D\u00d9NG kh\u00f4ng th\u1ec3 s\u1eeda \u0111\u1ed5i ho\u1eb7c t\u1ea1o c\u00e1c t\u00e1c ph\u1ea9m ph\u00e1i sinh d\u1ef1a tr\u00ean b\u1ea5t k\u1ef3 ph\u1ea7n m\u1ec1m ho\u1eb7c t\u00e0i li\u1ec7u n\u00e0o do trang web n\u00e0y cung c\u1ea5p.<\/p>\n\n\n\n<p>Kh\u00f4ng c\u00f3 gi\u1ea5y ph\u00e9p ho\u1eb7c s\u1ef1 \u0111\u1ed3ng \u00fd n\u00e0o \u0111\u01b0\u1ee3c c\u1ea5p \u0111\u1ec3 cho ph\u00e9p NG\u01af\u1edcI D\u00d9NG s\u1eed d\u1ee5ng c\u00e1c nh\u00e3n hi\u1ec7u c\u1ee7a trang web meandmil.com theo b\u1ea5t k\u1ef3 c\u00e1ch n\u00e0o ho\u1eb7c b\u1ea5t k\u1ef3 bi\u1ec3u t\u01b0\u1ee3ng n\u00e0o t\u01b0\u01a1ng t\u1ef1. Ng\u01b0\u1eddi d\u00f9ng \u0111\u00e3 \u0111\u1ed3ng \u00fd r\u00f5 r\u00e0ng r\u1eb1ng NG\u01af\u1edcI D\u00d9NG s\u1ebd kh\u00f4ng s\u1eed d\u1ee5ng t\u00ean ho\u1eb7c trang web c\u1ee7a meandmil.com theo c\u00e1ch c\u00f3 th\u1ec3 g\u00e2y ra b\u1ea5t k\u1ef3 t\u1ed5n h\u1ea1i ho\u1eb7c thi\u1ec7t h\u1ea1i n\u00e0o cho meandmil.com ho\u1eb7c b\u00ean th\u1ee9 ba, trong khi NG\u01af\u1edcI D\u00d9NG ho\u00e0n to\u00e0n ch\u1ecbu tr\u00e1ch nhi\u1ec7m cho vi\u1ec7c ph\u1ee5c h\u1ed3i.<\/p>\n\n\n\n<p><strong>7. \u0110I\u1ec0U KI\u1ec6N IN &#8211; L\u01afU TR\u1eee<\/strong><\/p>\n\n\n\n<p>V\u00ec m\u1ee5c \u0111\u00edch an to\u00e0n c\u1ee7a c\u00e1c giao d\u1ecbch, NG\u01af\u1edcI D\u00d9NG c\u00f3 kh\u1ea3 n\u0103ng l\u01b0u tr\u1eef ho\u1eb7c in t\u1ea5t c\u1ea3 c\u00e1c \u0111i\u1ec1u kho\u1ea3n s\u1eed d\u1ee5ng c\u1ee7a trang web n\u00e0y.<\/p>\n\n\n\n<p><strong>8. KH\u1ea2 N\u0102NG GIAO TI\u1ebeP<\/strong><\/p>\n\n\n\n<p>\u0110\u1ed1i v\u1edbi b\u1ea5t k\u1ef3 th\u1eafc m\u1eafc ho\u1eb7c khi\u1ebfu n\u1ea1i n\u00e0o v\u1ec1 n\u1ed9i dung tr\u00ean trang web n\u00e0y v\u00e0 c\u00e1c \u0111i\u1ec1u kho\u1ea3n v\u00e0 \u0111i\u1ec1u ki\u1ec7n c\u1ee7a n\u00f3, NG\u01af\u1edcI D\u00d9NG c\u00f3 th\u1ec3 li\u00ean l\u1ea1c qua email t\u1ea1i <a href=\"mailto:nutrition@dreavia.com\">nutrition@dreavia.com<\/a>.<\/p>\n\n\n\n<p><strong>9. CH\u00cdNH S\u00c1CH B\u1ea2O M\u1eacT<\/strong><\/p>\n\n\n\n<p>Meandmil.com c\u00f4ng khai b\u1ea3o \u0111\u1ea3m r\u1eb1ng t\u1ea5t c\u1ea3 c\u00e1c bi\u1ec7n ph\u00e1p t\u1ed5 ch\u1ee9c v\u00e0 k\u1ef9 thu\u1eadt c\u1ea7n thi\u1ebft \u0111\u00e3 \u0111\u01b0\u1ee3c th\u1ef1c hi\u1ec7n \u0111\u1ec3 b\u1ea3o v\u1ec7 t\u00ednh b\u00ed m\u1eadt, t\u00ednh to\u00e0n v\u1eb9n v\u00e0 t\u00ednh s\u1eb5n c\u00f3 c\u1ee7a t\u1ea5t c\u1ea3 d\u1eef li\u1ec7u c\u1ee7a NG\u01af\u1edcI D\u00d9NG.<\/p>\n\n\n\n<p>Tuy nhi\u00ean, v\u1edbi vi\u1ec7c t\u1ea1o t\u00e0i kho\u1ea3n, NG\u01af\u1edcI D\u00d9NG s\u1ebd ph\u1ea3i tu\u00e2n theo t\u1ea5t c\u1ea3 c\u00e1c bi\u1ec7n ph\u00e1p b\u1ea3o m\u1eadt th\u00edch h\u1ee3p \u0111\u1ec3 duy tr\u00ec t\u00ednh b\u1ea3o m\u1eadt c\u1ee7a t\u00e0i kho\u1ea3n ng\u01b0\u1eddi d\u00f9ng. Meandmil.com tuy\u00ean b\u1ed1 r\u1eb1ng kh\u00f4ng ch\u1ecbu tr\u00e1ch nhi\u1ec7m kh\u00f4i ph\u1ee5c b\u1ea5t k\u1ef3 thi\u1ec7t h\u1ea1i n\u00e0o do NG\u01af\u1edcI D\u00d9NG kh\u00f4ng tu\u00e2n th\u1ee7 c\u00e1c quy t\u1eafc an to\u00e0n th\u00edch h\u1ee3p v\u00e0 do \u0111\u00f3, NG\u01af\u1edcI D\u00d9NG sau khi ho\u00e0n th\u00e0nh b\u1ea5t k\u1ef3 giao ti\u1ebfp n\u00e0o th\u00f4ng qua t\u00e0i kho\u1ea3n, n\u00ean tho\u00e1t kh\u1ecfi t\u00e0i kho\u1ea3n (ng\u1eaft k\u1ebft n\u1ed1i) v\u00e0 gi\u1eef nguy\u00ean kh\u00f4ng ti\u1ebft l\u1ed9 th\u00f4ng tin t\u00e0i kho\u1ea3n c\u00e1 nh\u00e2n cho b\u1ea5t k\u1ef3 b\u00ean th\u1ee9 ba n\u00e0o. Trong tr\u01b0\u1eddng h\u1ee3p b\u1ecb m\u1ea5t ho\u1eb7c b\u1ea5t ch\u1ea5p nh\u1eefng \u0111i\u1ec1u \u0111\u00e3 n\u00eau \u1edf tr\u00ean, vi\u1ec7c ti\u1ebft l\u1ed9 m\u1eadt kh\u1ea9u b\u00ed m\u1eadt cho b\u00ean th\u1ee9 ba d\u01b0\u1edbi b\u1ea5t k\u1ef3 h\u00ecnh th\u1ee9c n\u00e0o, NG\u01af\u1edcI D\u00d9NG ph\u1ea3i th\u00f4ng b\u00e1o ngay cho meandmil.com t\u1ea1i e-mail <a href=\"mailto:nutrition@dreavia.com\">nutrition@dreavia.com<\/a>.<\/p>\n","protected":false},"excerpt":{"rendered":"<p>1. GI\u1edaI THI\u1ec6U Th\u00f4ng qua trang web n\u00e0y, b\u1ea1n c\u00f3 th\u1ec3 h\u1ecfi v\u1ec1 c\u00e1c d\u1ecbch v\u1ee5 do meanmil.com cung c\u1ea5p. C\u00e1c \u0110i\u1ec1u Kho\u1ea3n v\u00e0 \u0110i\u1ec1u Ki\u1ec7n Chung n\u00e0y chi ph\u1ed1i trang web v\u00e0 vi\u1ec7c mua d\u1ecbch v\u1ee5 (sau \u0111\u00e2y g\u1ecdi l\u00e0 \u201c\u0110i\u1ec1u Kho\u1ea3n v\u00e0 \u0110i\u1ec1u Ki\u1ec7n\u201d ho\u1eb7c \u201c\u0110i\u1ec1u Kho\u1ea3n S\u1eed D\u1ee5ng\u201d) x\u00e1c \u0111\u1ecbnh c\u00e1c \u0111i\u1ec1u [&hellip;]<\/p>\n","protected":false},"author":2,"featured_media":0,"parent":0,"menu_order":0,"comment_status":"closed","ping_status":"closed","template":"page.php","meta":{"_acf_changed":false,"inline_featured_image":false,"footnotes":""},"class_list":["post-543","page","type-page","status-publish","hentry"],"acf":[],"_links":{"self":[{"href":"https:\/\/meandmil.com\/vi\/wp-json\/wp\/v2\/pages\/543","targetHints":{"allow":["GET"]}}],"collection":[{"href":"https:\/\/meandmil.com\/vi\/wp-json\/wp\/v2\/pages"}],"about":[{"href":"https:\/\/meandmil.com\/vi\/wp-json\/wp\/v2\/types\/page"}],"author":[{"embeddable":true,"href":"https:\/\/meandmil.com\/vi\/wp-json\/wp\/v2\/users\/2"}],"replies":[{"embeddable":true,"href":"https:\/\/meandmil.com\/vi\/wp-json\/wp\/v2\/comments?post=543"}],"version-history":[{"count":4,"href":"https:\/\/meandmil.com\/vi\/wp-json\/wp\/v2\/pages\/543\/revisions"}],"predecessor-version":[{"id":679,"href":"https:\/\/meandmil.com\/vi\/wp-json\/wp\/v2\/pages\/543\/revisions\/679"}],"wp:attachment":[{"href":"https:\/\/meandmil.com\/vi\/wp-json\/wp\/v2\/media?parent=543"}],"curies":[{"name":"wp","href":"https:\/\/api.w.org\/{rel}","templated":true}]}}