{"id":573,"date":"2022-04-18T09:56:34","date_gmt":"2022-04-18T06:56:34","guid":{"rendered":"https:\/\/meandmil.com\/cookie-policy\/"},"modified":"2022-09-29T11:35:33","modified_gmt":"2022-09-29T08:35:33","slug":"cookie-policy","status":"publish","type":"page","link":"https:\/\/meandmil.com\/vi\/cookie-policy\/","title":{"rendered":"CH\u00cdNH S\u00c1CH V\u1ec0 COOKIE"},"content":{"rendered":"\n<p>Cookie \u0111\u01b0\u1ee3c s\u1eed d\u1ee5ng tr\u00ean trang web <a href=\"https:\/\/meandmil.com\/vi\/\">www.meandmil.com <\/a>(\u201cTrang web\u201d). Ch\u00ednh s\u00e1ch n\u00e0y gi\u1ea3i th\u00edch cookie l\u00e0 g\u00ec, cookie \u0111ang \u0111\u01b0\u1ee3c s\u1eed d\u1ee5ng nh\u01b0 th\u1ebf n\u00e0o tr\u00ean Trang web, c\u00e1ch b\u1ea1n c\u00f3 th\u1ec3 b\u1eadt ho\u1eb7c t\u1eaft cookie v\u00e0 cung c\u1ea5p th\u00eam th\u00f4ng tin v\u1ec1 cookie.<\/p>\n\n\n\n<p><strong>COOKIE L\u00c0 G\u00cc?<\/strong><\/p>\n\n\n\n<p>Cookie l\u00e0 nh\u1eefng \u0111o\u1ea1n v\u0103n b\u1ea3n nh\u1ecf \u0111\u01b0\u1ee3c g\u1eedi \u0111\u1ebfn tr\u00ecnh duy\u1ec7t web c\u1ee7a b\u1ea1n khi b\u1ea1n truy c\u1eadp m\u1ed9t trang web. T\u1eadp tin cookie \u0111\u01b0\u1ee3c l\u01b0u tr\u1eef trong tr\u00ecnh duy\u1ec7t web c\u1ee7a b\u1ea1n ho\u1eb7c \u1ed5 c\u1ee9ng c\u1ee7a m\u00e1y t\u00ednh ho\u1eb7c thi\u1ebft b\u1ecb di \u0111\u1ed9ng c\u1ee7a b\u1ea1n v\u00e0 cho ph\u00e9p trang web ho\u1eb7c b\u00ean th\u1ee9 ba nh\u1eadn ra b\u1ea1n b\u1eb1ng c\u00e1ch thu th\u1eadp th\u00f4ng tin \u0111\u01b0\u1ee3c li\u1ec7t k\u00ea trong b\u1ea3ng cookie. Cookie l\u00e0m cho l\u1ea7n truy c\u1eadp ti\u1ebfp theo c\u1ee7a b\u1ea1n v\u00e0o Trang web d\u1ec5 d\u00e0ng h\u01a1n v\u00e0 Trang web h\u1eefu \u00edch h\u01a1n \u0111\u1ed1i v\u1edbi b\u1ea1n.<\/p>\n\n\n\n<p>Cookie c\u00f3 th\u1ec3 l\u00e0 cookie &#8220;li\u00ean t\u1ee5c&#8221; ho\u1eb7c &#8220;phi\u00ean&#8221;. Cookie li\u00ean t\u1ee5c v\u1eabn c\u00f2n tr\u00ean m\u00e1y t\u00ednh c\u00e1 nh\u00e2n ho\u1eb7c thi\u1ebft b\u1ecb di \u0111\u1ed9ng c\u1ee7a b\u1ea1n khi b\u1ea1n kh\u00f4ng k\u1ebft n\u1ed1i, trong khi cookie phi\u00ean s\u1ebd b\u1ecb x\u00f3a ngay sau khi b\u1ea1n \u0111\u00f3ng tr\u00ecnh duy\u1ec7t web c\u1ee7a m\u00ecnh.<\/p>\n\n\n\n<p>Ng\u01b0\u1eddi ki\u1ec3m so\u00e1t d\u1eef li\u1ec7u c\u00e1 nh\u00e2n l\u00e0 nh\u00e0 cung c\u1ea5p cookie thu th\u1eadp ch\u00fang (c\u00e1c nh\u00e0 cung c\u1ea5p \u0111\u01b0\u1ee3c li\u1ec7t k\u00ea tr\u00ean b\u1ea3ng cookie) v\u00e0 ng\u01b0\u1eddi nh\u1eadn d\u1eef li\u1ec7u c\u00e1 nh\u00e2n l\u00e0 c\u00e1c c\u00e1 nh\u00e2n (nh\u00e2n s\u1ef1, b\u00ean th\u1ee9 ba) \u0111\u01b0\u1ee3c nh\u00e0 cung c\u1ea5p \u1ee7y quy\u1ec1n.<\/p>\n\n\n\n<p><strong>COOKIE \u0110\u01af\u1ee2C S\u1eec D\u1ee4NG TR\u00caN TRANG WEB NH\u01af TH\u1ec2 N\u00c0O?<\/strong><\/p>\n\n\n\n<p>Khi b\u1ea1n truy c\u1eadp v\u00e0 s\u1eed d\u1ee5ng Trang web, m\u1ed9t s\u1ed1 t\u1eadp tin cookie s\u1ebd \u0111\u01b0\u1ee3c \u0111\u1eb7t v\u00e0o tr\u00ecnh duy\u1ec7t web c\u1ee7a b\u1ea1n. Cookie \u0111\u01b0\u1ee3c s\u1eed d\u1ee5ng cho c\u00e1c m\u1ee5c \u0111\u00edch sau:<\/p>\n\n\n\n<ul class=\"wp-block-list\"><li>\u0110\u1ec3 k\u00edch ho\u1ea1t m\u1ed9t s\u1ed1 ch\u1ee9c n\u0103ng c\u1ee7a Trang web<\/li><li>\u0110\u1ec3 cung c\u1ea5p s\u1ed1 li\u1ec7u ph\u00e2n t\u00edch<\/li><\/ul>\n\n\n\n<p><strong>NH\u1eeeNG COOKIE N\u00c0O \u0110\u01af\u1ee2C S\u1eec D\u1ee4NG TR\u00caN TRANG WEB N\u00c0Y?<\/strong><\/p>\n\n\n\n<p>C\u00e1c lo\u1ea1i cookie sau, c\u00f3 th\u1ec3 l\u00e0 cookie phi\u00ean v\u00e0 cookie li\u00ean t\u1ee5c, \u0111\u01b0\u1ee3c s\u1eed d\u1ee5ng tr\u00ean Trang web:<\/p>\n\n\n\n<ul class=\"wp-block-list\"><li>Cookie thi\u1ebft y\u1ebfu. C\u00e1c cookie nh\u01b0 v\u1eady \u0111\u01b0\u1ee3c s\u1eed d\u1ee5ng cho k\u1ebft n\u1ed1i c\u1ee7a b\u1ea1n v\u1edbi Trang web v\u00e0 ghi nh\u1edb c\u00e1c t\u00f9y ch\u1ecdn c\u1ee7a b\u1ea1n li\u00ean quan \u0111\u1ebfn Trang web (v\u00ed d\u1ee5: cookie li\u00ean quan \u0111\u1ebfn l\u1ef1a ch\u1ecdn ng\u00f4n ng\u1eef c\u1ee7a b\u1ea1n ho\u1eb7c tr\u00ecnh b\u00e0y k\u1ebft qu\u1ea3 t\u00ecm ki\u1ebfm trong Trang web).<\/li><li>Cookie ph\u00e2n t\u00edch. Nh\u1eefng cookie nh\u01b0 v\u1eady \u0111\u01b0\u1ee3c s\u1eed d\u1ee5ng \u0111\u1ec3 thu th\u1eadp th\u00f4ng tin v\u1ec1 c\u00e1ch b\u1ea1n s\u1eed d\u1ee5ng Trang web \u0111\u1ec3 ch\u00fang t\u00f4i c\u1ea3i thi\u1ec7n Trang web. Vi\u1ec7c s\u1eed d\u1ee5ng c\u00e1c cookie n\u00e0y ph\u1ea3i \u0111\u01b0\u1ee3c s\u1ef1 \u0111\u1ed3ng \u00fd c\u1ee7a b\u1ea1n.<\/li><\/ul>\n\n\n\n<p><strong>L\u00c0M TH\u1ebe N\u00c0O B\u1ea0N C\u00d3 TH\u1ec2 B\u1eacT\/T\u1eaeT COOKIE?<\/strong><\/p>\n\n\n\n<p>B\u1ea1n c\u00f3 th\u1ec3 b\u1eadt ho\u1eb7c t\u1eaft cookie ho\u1eb7c \u0111\u1eb7t tr\u00ecnh duy\u1ec7t web c\u1ee7a m\u00ecnh (v\u00ed d\u1ee5: Chrome, Internet Explorer \u03ba.\u03b1.) \u0111\u1ec3 x\u00f3a ho\u1eb7c t\u1eeb ch\u1ed1i cookie. Vui l\u00f2ng truy c\u1eadp trang tr\u1ee3 gi\u00fap c\u1ee7a tr\u00ecnh duy\u1ec7t web c\u1ee7a b\u1ea1n \u0111\u1ec3 bi\u1ebft th\u00eam th\u00f4ng tin.<\/p>\n\n\n\n<p>Tuy nhi\u00ean, xin l\u01b0u \u00fd r\u1eb1ng n\u1ebfu b\u1ea1n x\u00f3a cookie ho\u1eb7c t\u1eeb ch\u1ed1i ch\u1ea5p nh\u1eadn ch\u00fang, b\u1ea1n c\u00f3 th\u1ec3 kh\u00f4ng s\u1eed d\u1ee5ng \u0111\u01b0\u1ee3c t\u1ea5t c\u1ea3 c\u00e1c t\u00ednh n\u0103ng ch\u00fang t\u00f4i cung c\u1ea5p tr\u00ean Trang web, b\u1ea1n kh\u00f4ng th\u1ec3 l\u01b0u tr\u1eef t\u00f9y ch\u1ecdn c\u1ee7a m\u00ecnh v\u00e0 m\u1ed9t s\u1ed1 trang c\u1ee7a ch\u00fang t\u00f4i c\u00f3 th\u1ec3 kh\u00f4ng hi\u1ec3n th\u1ecb \u0111\u00fang c\u00e1ch.<\/p>\n\n\n\n<ul class=\"wp-block-list\"><li>N\u1ebfu b\u1ea1n truy c\u1eadp Trang web th\u00f4ng qua tr\u00ecnh duy\u1ec7t web Chrome, vui l\u00f2ng truy c\u1eadp <a href=\"https:\/\/support.google.com\/accounts\/answer\/32050\">trang n\u00e0y<\/a> t\u1eeb Google.<\/li><li>N\u1ebfu b\u1ea1n truy c\u1eadp Trang web th\u00f4ng qua tr\u00ecnh duy\u1ec7t web Internet Explorer, vui l\u00f2ng truy c\u1eadp <a href=\"https:\/\/support.microsoft.com\/en-us\/topic\/how-to-delete-cookie-files-in-internet-explorer-bca9446f-d873-78de-77ba-d42645fa52fc\">trang n\u00e0y<\/a> t\u1eeb Microsoft..<\/li><li>N\u1ebfu b\u1ea1n truy c\u1eadp Trang web th\u00f4ng qua tr\u00ecnh duy\u1ec7t web Firefox, vui l\u00f2ng truy c\u1eadp <a href=\"https:\/\/support.mozilla.org\/en-US\/kb\/clear-cookies-and-site-data-firefox?redirectslug=delete-cookies-remove-info-websites-stored&amp;redirectlocale=en-US\">trang n\u00e0y<\/a> t\u1eeb Mozilla.<\/li><li>N\u1ebfu b\u1ea1n truy c\u1eadp Trang web th\u00f4ng qua tr\u00ecnh duy\u1ec7t web Safari, vui l\u00f2ng truy c\u1eadp <a href=\"https:\/\/support.apple.com\/en-gb\/guide\/safari\/sfri11471\/mac\">trang n\u00e0y<\/a> t\u1eeb Apple.<\/li><li>N\u1ebfu b\u1ea1n truy c\u1eadp Trang web th\u00f4ng qua b\u1ea5t k\u1ef3 tr\u00ecnh duy\u1ec7t web n\u00e0o kh\u00e1c, vui l\u00f2ng truy c\u1eadp c\u00e1c trang web ch\u00ednh th\u1ee9c c\u1ee7a tr\u00ecnh duy\u1ec7t web c\u1ee7a b\u1ea1n.<\/li><\/ul>\n\n\n\n<p><strong>B\u1ea0N C\u00d3 TH\u1ec2 T\u00ccM HI\u1ec2U TH\u00caM TH\u00d4NG TIN V\u1ec0 COOKIE \u1ede \u0110\u00c2U?<\/strong><\/p>\n\n\n\n<p>B\u1ea1n c\u00f3 th\u1ec3 t\u00ecm hi\u1ec3u th\u00eam v\u1ec1 cookie t\u1ea1i c\u00e1c trang web c\u1ee7a b\u00ean th\u1ee9 ba sau:<\/p>\n\n\n\n<ul class=\"wp-block-list\"><li><a href=\"https:\/\/www.allaboutcookies.org\/\" target=\"_blank\" rel=\"noreferrer noopener\">AllAboutCookies<\/a><\/li><li><a href=\"https:\/\/www.networkadvertising.org\/\" target=\"_blank\" rel=\"noreferrer noopener\">Network Advertising Initiative<\/a><\/li><\/ul>\n","protected":false},"excerpt":{"rendered":"<p>Cookie \u0111\u01b0\u1ee3c s\u1eed d\u1ee5ng tr\u00ean trang web www.meandmil.com (\u201cTrang web\u201d). Ch\u00ednh s\u00e1ch n\u00e0y gi\u1ea3i th\u00edch cookie l\u00e0 g\u00ec, cookie \u0111ang \u0111\u01b0\u1ee3c s\u1eed d\u1ee5ng nh\u01b0 th\u1ebf n\u00e0o tr\u00ean Trang web, c\u00e1ch b\u1ea1n c\u00f3 th\u1ec3 b\u1eadt ho\u1eb7c t\u1eaft cookie v\u00e0 cung c\u1ea5p th\u00eam th\u00f4ng tin v\u1ec1 cookie. COOKIE L\u00c0 G\u00cc? Cookie l\u00e0 nh\u1eefng \u0111o\u1ea1n v\u0103n b\u1ea3n nh\u1ecf [&hellip;]<\/p>\n","protected":false},"author":2,"featured_media":0,"parent":0,"menu_order":0,"comment_status":"closed","ping_status":"closed","template":"page.php","meta":{"_acf_changed":false,"inline_featured_image":false,"footnotes":""},"class_list":["post-573","page","type-page","status-publish","hentry"],"acf":[],"_links":{"self":[{"href":"https:\/\/meandmil.com\/vi\/wp-json\/wp\/v2\/pages\/573","targetHints":{"allow":["GET"]}}],"collection":[{"href":"https:\/\/meandmil.com\/vi\/wp-json\/wp\/v2\/pages"}],"about":[{"href":"https:\/\/meandmil.com\/vi\/wp-json\/wp\/v2\/types\/page"}],"author":[{"embeddable":true,"href":"https:\/\/meandmil.com\/vi\/wp-json\/wp\/v2\/users\/2"}],"replies":[{"embeddable":true,"href":"https:\/\/meandmil.com\/vi\/wp-json\/wp\/v2\/comments?post=573"}],"version-history":[{"count":2,"href":"https:\/\/meandmil.com\/vi\/wp-json\/wp\/v2\/pages\/573\/revisions"}],"predecessor-version":[{"id":577,"href":"https:\/\/meandmil.com\/vi\/wp-json\/wp\/v2\/pages\/573\/revisions\/577"}],"wp:attachment":[{"href":"https:\/\/meandmil.com\/vi\/wp-json\/wp\/v2\/media?parent=573"}],"curies":[{"name":"wp","href":"https:\/\/api.w.org\/{rel}","templated":true}]}}